{"id":1454,"date":"2018-11-02T18:03:03","date_gmt":"2018-11-02T17:03:03","guid":{"rendered":"https:\/\/okmaldives.com\/cruise-map-grand-sud-2\/"},"modified":"2019-07-28T17:35:14","modified_gmt":"2019-07-28T15:35:14","slug":"cruise-map-grand-sud-2","status":"publish","type":"page","link":"https:\/\/okmaldives.com\/en\/cruise-map-grand-sud-2\/","title":{"rendered":"Cruise Map Grand Sud 2"},"content":{"rendered":"\n<style type=\"text\/css\" data-created_by=\"avia_inline_auto\" id=\"style-css-av-av_section-c7d9e494d05b1173a1610d36bf89adf6\">\n.avia-section.av-av_section-c7d9e494d05b1173a1610d36bf89adf6{\nbackground-repeat:no-repeat;\nbackground-image:url(https:\/\/okmaldives.com\/wp-content\/uploads\/2019\/07\/Carte-itin\u00e9raires-croisi\u00e8res-plong\u00e9es-OK-Maldives-e1564323917907.jpg);\nbackground-position:50% 0%;\nbackground-attachment:scroll;\n}\n<\/style>\n<div id='av_section_1'  class='avia-section av-av_section-c7d9e494d05b1173a1610d36bf89adf6 main_color avia-section-no-padding avia-no-border-styling  avia-builder-el-0  avia-builder-el-no-sibling  avia-bg-style-scroll av-minimum-height av-minimum-height-custom av-height-custom  container_wrap sidebar_right'  data-section-bg-repeat='no-repeat' data-av_minimum_height_px='1700'><div class='container av-section-cont-open' style='height:1700px'><main  role=\"main\" itemprop=\"mainContentOfPage\"  class='template-page content  av-content-small alpha units'><div class='post-entry post-entry-type-page post-entry-1454'><div class='entry-content-wrapper clearfix'><\/div><\/div><\/main><!-- close content main element --><\/div><\/div><div id='after_section_1'  class='main_color av_default_container_wrap container_wrap sidebar_right'  ><div class='container av-section-cont-open' ><div class='template-page content  av-content-small alpha units'><div class='post-entry post-entry-type-page post-entry-1454'><div class='entry-content-wrapper clearfix'>\n","protected":false},"excerpt":{"rendered":"","protected":false},"author":3,"featured_media":0,"parent":0,"menu_order":0,"comment_status":"closed","ping_status":"closed","template":"","meta":{"footnotes":""},"class_list":["post-1454","page","type-page","status-publish","hentry"],"yoast_head":"<!-- This site is optimized with the Yoast SEO plugin v27.2 - https:\/\/yoast.com\/product\/yoast-seo-wordpress\/ -->\n<title>Cruise Map Grand Sud 2 - okmaldives<\/title>\n<meta name=\"robots\" content=\"index, follow, max-snippet:-1, max-image-preview:large, max-video-preview:-1\" \/>\n<link rel=\"canonical\" href=\"https:\/\/okmaldives.com\/en\/cruise-map-grand-sud-2\/\" \/>\n<meta property=\"og:locale\" content=\"en_US\" \/>\n<meta property=\"og:type\" content=\"article\" \/>\n<meta property=\"og:title\" content=\"Cruise Map Grand Sud 2 - okmaldives\" \/>\n<meta property=\"og:url\" content=\"https:\/\/okmaldives.com\/en\/cruise-map-grand-sud-2\/\" \/>\n<meta property=\"og:site_name\" content=\"okmaldives\" \/>\n<meta property=\"article:modified_time\" content=\"2019-07-28T15:35:14+00:00\" \/>\n<meta name=\"twitter:card\" content=\"summary_large_image\" \/>\n<script type=\"application\/ld+json\" class=\"yoast-schema-graph\">{\"@context\":\"https:\/\/schema.org\",\"@graph\":[{\"@type\":\"WebPage\",\"@id\":\"https:\/\/okmaldives.com\/en\/cruise-map-grand-sud-2\/\",\"url\":\"https:\/\/okmaldives.com\/en\/cruise-map-grand-sud-2\/\",\"name\":\"Cruise Map Grand Sud 2 - okmaldives\",\"isPartOf\":{\"@id\":\"https:\/\/okmaldives.com\/#website\"},\"datePublished\":\"2018-11-02T17:03:03+00:00\",\"dateModified\":\"2019-07-28T15:35:14+00:00\",\"breadcrumb\":{\"@id\":\"https:\/\/okmaldives.com\/en\/cruise-map-grand-sud-2\/#breadcrumb\"},\"inLanguage\":\"en-US\",\"potentialAction\":[{\"@type\":\"ReadAction\",\"target\":[\"https:\/\/okmaldives.com\/en\/cruise-map-grand-sud-2\/\"]}]},{\"@type\":\"BreadcrumbList\",\"@id\":\"https:\/\/okmaldives.com\/en\/cruise-map-grand-sud-2\/#breadcrumb\",\"itemListElement\":[{\"@type\":\"ListItem\",\"position\":1,\"name\":\"Accueil\",\"item\":\"https:\/\/okmaldives.com\/en\/hp-bruno\/\"},{\"@type\":\"ListItem\",\"position\":2,\"name\":\"Cruise Map Grand Sud 2\"}]},{\"@type\":\"WebSite\",\"@id\":\"https:\/\/okmaldives.com\/#website\",\"url\":\"https:\/\/okmaldives.com\/\",\"name\":\"okmaldives\",\"description\":\"Croisi\u00e8re plong\u00e9es aux Maldives | Plong\u00e9es OkMaldives\",\"potentialAction\":[{\"@type\":\"SearchAction\",\"target\":{\"@type\":\"EntryPoint\",\"urlTemplate\":\"https:\/\/okmaldives.com\/?s={search_term_string}\"},\"query-input\":{\"@type\":\"PropertyValueSpecification\",\"valueRequired\":true,\"valueName\":\"search_term_string\"}}],\"inLanguage\":\"en-US\"}]}<\/script>\n<!-- \/ Yoast SEO plugin. -->","yoast_head_json":{"title":"Cruise Map Grand Sud 2 - okmaldives","robots":{"index":"index","follow":"follow","max-snippet":"max-snippet:-1","max-image-preview":"max-image-preview:large","max-video-preview":"max-video-preview:-1"},"canonical":"https:\/\/okmaldives.com\/en\/cruise-map-grand-sud-2\/","og_locale":"en_US","og_type":"article","og_title":"Cruise Map Grand Sud 2 - okmaldives","og_url":"https:\/\/okmaldives.com\/en\/cruise-map-grand-sud-2\/","og_site_name":"okmaldives","article_modified_time":"2019-07-28T15:35:14+00:00","twitter_card":"summary_large_image","schema":{"@context":"https:\/\/schema.org","@graph":[{"@type":"WebPage","@id":"https:\/\/okmaldives.com\/en\/cruise-map-grand-sud-2\/","url":"https:\/\/okmaldives.com\/en\/cruise-map-grand-sud-2\/","name":"Cruise Map Grand Sud 2 - okmaldives","isPartOf":{"@id":"https:\/\/okmaldives.com\/#website"},"datePublished":"2018-11-02T17:03:03+00:00","dateModified":"2019-07-28T15:35:14+00:00","breadcrumb":{"@id":"https:\/\/okmaldives.com\/en\/cruise-map-grand-sud-2\/#breadcrumb"},"inLanguage":"en-US","potentialAction":[{"@type":"ReadAction","target":["https:\/\/okmaldives.com\/en\/cruise-map-grand-sud-2\/"]}]},{"@type":"BreadcrumbList","@id":"https:\/\/okmaldives.com\/en\/cruise-map-grand-sud-2\/#breadcrumb","itemListElement":[{"@type":"ListItem","position":1,"name":"Accueil","item":"https:\/\/okmaldives.com\/en\/hp-bruno\/"},{"@type":"ListItem","position":2,"name":"Cruise Map Grand Sud 2"}]},{"@type":"WebSite","@id":"https:\/\/okmaldives.com\/#website","url":"https:\/\/okmaldives.com\/","name":"okmaldives","description":"Croisi\u00e8re plong\u00e9es aux Maldives | Plong\u00e9es OkMaldives","potentialAction":[{"@type":"SearchAction","target":{"@type":"EntryPoint","urlTemplate":"https:\/\/okmaldives.com\/?s={search_term_string}"},"query-input":{"@type":"PropertyValueSpecification","valueRequired":true,"valueName":"search_term_string"}}],"inLanguage":"en-US"}]}},"_links":{"self":[{"href":"https:\/\/okmaldives.com\/en\/wp-json\/wp\/v2\/pages\/1454","targetHints":{"allow":["GET"]}}],"collection":[{"href":"https:\/\/okmaldives.com\/en\/wp-json\/wp\/v2\/pages"}],"about":[{"href":"https:\/\/okmaldives.com\/en\/wp-json\/wp\/v2\/types\/page"}],"author":[{"embeddable":true,"href":"https:\/\/okmaldives.com\/en\/wp-json\/wp\/v2\/users\/3"}],"replies":[{"embeddable":true,"href":"https:\/\/okmaldives.com\/en\/wp-json\/wp\/v2\/comments?post=1454"}],"version-history":[{"count":0,"href":"https:\/\/okmaldives.com\/en\/wp-json\/wp\/v2\/pages\/1454\/revisions"}],"wp:attachment":[{"href":"https:\/\/okmaldives.com\/en\/wp-json\/wp\/v2\/media?parent=1454"}],"curies":[{"name":"wp","href":"https:\/\/api.w.org\/{rel}","templated":true}]}}